{"id":51,"date":"2024-01-28T07:18:34","date_gmt":"2024-01-28T06:18:34","guid":{"rendered":"https:\/\/josemoralescr.com\/?page_id=51"},"modified":"2024-10-04T22:24:18","modified_gmt":"2024-10-04T20:24:18","slug":"bibliografia","status":"publish","type":"page","link":"https:\/\/josemoralescr.com\/index.php\/bibliografia\/","title":{"rendered":"Biograf\u00eda"},"content":{"rendered":"\t\t<div data-elementor-type=\"wp-page\" data-elementor-id=\"51\" class=\"elementor elementor-51\">\n\t\t\t\t<div class=\"elementor-element elementor-element-759b4ff e-flex e-con-boxed wpr-particle-no wpr-jarallax-no wpr-parallax-no wpr-sticky-section-no e-con e-parent\" data-id=\"759b4ff\" data-element_type=\"container\" data-settings=\"{&quot;content_width&quot;:&quot;boxed&quot;}\" data-core-v316-plus=\"true\">\n\t\t\t\t\t<div class=\"e-con-inner\">\n\t\t<div class=\"elementor-element elementor-element-63672af e-con-full e-flex wpr-particle-no wpr-jarallax-no wpr-parallax-no wpr-sticky-section-no e-con e-child\" data-id=\"63672af\" data-element_type=\"container\" data-settings=\"{&quot;content_width&quot;:&quot;full&quot;}\">\n\t\t\t\t<div class=\"elementor-element elementor-element-b76eb8a elementor-widget elementor-widget-heading\" data-id=\"b76eb8a\" data-element_type=\"widget\" data-widget_type=\"heading.default\">\n\t\t\t\t<div class=\"elementor-widget-container\">\n\t\t\t<style>\/*! elementor - v3.19.0 - 07-02-2024 *\/\n.elementor-heading-title{padding:0;margin:0;line-height:1}.elementor-widget-heading .elementor-heading-title[class*=elementor-size-]>a{color:inherit;font-size:inherit;line-height:inherit}.elementor-widget-heading .elementor-heading-title.elementor-size-small{font-size:15px}.elementor-widget-heading .elementor-heading-title.elementor-size-medium{font-size:19px}.elementor-widget-heading .elementor-heading-title.elementor-size-large{font-size:29px}.elementor-widget-heading .elementor-heading-title.elementor-size-xl{font-size:39px}.elementor-widget-heading .elementor-heading-title.elementor-size-xxl{font-size:59px}<\/style><h2 class=\"elementor-heading-title elementor-size-default\">Acerca de Jos\u00e9 Morales Gonz\u00e1lez<\/h2>\t\t<\/div>\n\t\t\t\t<\/div>\n\t\t\t\t<div class=\"elementor-element elementor-element-1fe6b87 elementor-widget elementor-widget-text-editor\" data-id=\"1fe6b87\" data-element_type=\"widget\" data-widget_type=\"text-editor.default\">\n\t\t\t\t<div class=\"elementor-widget-container\">\n\t\t\t<style>\/*! elementor - v3.19.0 - 07-02-2024 *\/\n.elementor-widget-text-editor.elementor-drop-cap-view-stacked .elementor-drop-cap{background-color:#69727d;color:#fff}.elementor-widget-text-editor.elementor-drop-cap-view-framed .elementor-drop-cap{color:#69727d;border:3px solid;background-color:transparent}.elementor-widget-text-editor:not(.elementor-drop-cap-view-default) .elementor-drop-cap{margin-top:8px}.elementor-widget-text-editor:not(.elementor-drop-cap-view-default) .elementor-drop-cap-letter{width:1em;height:1em}.elementor-widget-text-editor .elementor-drop-cap{float:left;text-align:center;line-height:1;font-size:50px}.elementor-widget-text-editor .elementor-drop-cap-letter{display:inline-block}<\/style>\t\t\t\t<p><span style=\"font-weight: 400;\">Naci\u00f3 en San Ram\u00f3n de Alajuela (Costa Rica) el 7 de diciembre de 1980. Licenciado en Psicolog\u00eda por la Universidad de Costa Rica y M\u00e1ster en Desarrollo de Emprendimiento e Innovaci\u00f3n por la Universidad de Salamanca. Es autor de &#8220;Esdr\u00fajula es una palabra esdr\u00fajula\u201d, una colecci\u00f3n de cuentos editada por la EUNED (2012) y de &#8220;No necesitamos los subt\u00edtulos&#8221; bajo el sello ClubdeLibros (2021). Fue finalista del premio Joven Creaci\u00f3n 2012 de la Editorial Costa Rica, ganador del Premio de Novela del Centro Cultural de Espa\u00f1a en Costa Rica &#8211; Uruk Editores 2023 y del Premio Nacional de Literatura Aquileo J. Echeverr\u00eda del mismo a\u00f1o con su primera novela &#8220;Nos descuidamos un segundo&#8221;. Sus trabajos han sido publicados en la Revista Tambor, la Revista P\u00f3rtico 21, la Antolog\u00eda de Microrrelatos (ECR, 2012) y la antolog\u00eda de cuentos \u201cMi media cebolla\u201d (Editorial ClubdeLibros).<\/span><\/p>\t\t\t\t\t\t<\/div>\n\t\t\t\t<\/div>\n\t\t\t\t<\/div>\n\t\t<div class=\"elementor-element elementor-element-cab2941 e-con-full e-flex wpr-particle-no wpr-jarallax-no wpr-parallax-no wpr-sticky-section-no e-con e-child\" data-id=\"cab2941\" data-element_type=\"container\" data-settings=\"{&quot;content_width&quot;:&quot;full&quot;}\">\n\t\t\t\t<div class=\"elementor-element elementor-element-3fc1434 elementor-widget elementor-widget-image\" data-id=\"3fc1434\" data-element_type=\"widget\" data-widget_type=\"image.default\">\n\t\t\t\t<div class=\"elementor-widget-container\">\n\t\t\t<style>\/*! elementor - v3.19.0 - 07-02-2024 *\/\n.elementor-widget-image{text-align:center}.elementor-widget-image a{display:inline-block}.elementor-widget-image a img[src$=\".svg\"]{width:48px}.elementor-widget-image img{vertical-align:middle;display:inline-block}<\/style>\t\t\t\t\t\t\t\t\t\t<img decoding=\"async\" src=\"https:\/\/josemoralescr.com\/wp-content\/uploads\/elementor\/thumbs\/Foto-de-autor-Jose-Morales-Gonzalez-e1707800353699-qjqfcss2jl6gfamr07tcy7kvw5f9h9bqtwh7wfg8cg.jpeg\" title=\"Foto de autor Jos\u00e9 Morales Gonz\u00e1lez\" alt=\"Foto de autor Jos\u00e9 Morales Gonz\u00e1lez\" loading=\"lazy\" \/>\t\t\t\t\t\t\t\t\t\t\t\t\t<\/div>\n\t\t\t\t<\/div>\n\t\t\t\t<\/div>\n\t\t\t\t\t<\/div>\n\t\t\t\t<\/div>\n\t\t\t\t<\/div>\n\t\t","protected":false},"excerpt":{"rendered":"<p>Acerca de Jos\u00e9 Morales Gonz\u00e1lez Naci\u00f3 en San Ram\u00f3n de Alajuela (Costa Rica) el 7 de diciembre de 1980. Licenciado en Psicolog\u00eda por la Universidad de Costa Rica y M\u00e1ster en Desarrollo de Emprendimiento e Innovaci\u00f3n por la Universidad de Salamanca. Es autor de &#8220;Esdr\u00fajula es una palabra esdr\u00fajula\u201d, una colecci\u00f3n de cuentos editada por [&hellip;]<\/p>\n","protected":false},"author":1,"featured_media":0,"parent":0,"menu_order":0,"comment_status":"closed","ping_status":"closed","template":"","meta":{"footnotes":""},"rttpg_featured_image_url":null,"rttpg_author":{"display_name":"josemoralescr","author_link":"https:\/\/josemoralescr.com\/index.php\/author\/josemoralescr\/"},"rttpg_comment":0,"rttpg_category":null,"rttpg_excerpt":"Acerca de Jos\u00e9 Morales Gonz\u00e1lez Naci\u00f3 en San Ram\u00f3n de Alajuela (Costa Rica) el 7 de diciembre de 1980. Licenciado en Psicolog\u00eda por la Universidad de Costa Rica y M\u00e1ster en Desarrollo de Emprendimiento e Innovaci\u00f3n por la Universidad de Salamanca. Es autor de &#8220;Esdr\u00fajula es una palabra esdr\u00fajula\u201d, una colecci\u00f3n de cuentos editada por&hellip;","_links":{"self":[{"href":"https:\/\/josemoralescr.com\/index.php\/wp-json\/wp\/v2\/pages\/51"}],"collection":[{"href":"https:\/\/josemoralescr.com\/index.php\/wp-json\/wp\/v2\/pages"}],"about":[{"href":"https:\/\/josemoralescr.com\/index.php\/wp-json\/wp\/v2\/types\/page"}],"author":[{"embeddable":true,"href":"https:\/\/josemoralescr.com\/index.php\/wp-json\/wp\/v2\/users\/1"}],"replies":[{"embeddable":true,"href":"https:\/\/josemoralescr.com\/index.php\/wp-json\/wp\/v2\/comments?post=51"}],"version-history":[{"count":35,"href":"https:\/\/josemoralescr.com\/index.php\/wp-json\/wp\/v2\/pages\/51\/revisions"}],"predecessor-version":[{"id":960,"href":"https:\/\/josemoralescr.com\/index.php\/wp-json\/wp\/v2\/pages\/51\/revisions\/960"}],"wp:attachment":[{"href":"https:\/\/josemoralescr.com\/index.php\/wp-json\/wp\/v2\/media?parent=51"}],"curies":[{"name":"wp","href":"https:\/\/api.w.org\/{rel}","templated":true}]}}