{"id":7,"date":"2024-01-28T07:29:14","date_gmt":"2024-01-28T06:29:14","guid":{"rendered":"https:\/\/josemoralescr.com\/?page_id=7"},"modified":"2024-02-20T00:33:29","modified_gmt":"2024-02-19T23:33:29","slug":"obras","status":"publish","type":"page","link":"https:\/\/josemoralescr.com\/index.php\/obras\/","title":{"rendered":"Obras"},"content":{"rendered":"\t\t<div data-elementor-type=\"wp-post\" data-elementor-id=\"7\" class=\"elementor elementor-7\">\n\t\t\t\t<div class=\"elementor-element elementor-element-dc318da e-flex e-con-boxed wpr-particle-no wpr-jarallax-no wpr-parallax-no wpr-sticky-section-no e-con e-parent\" data-id=\"dc318da\" data-element_type=\"container\" data-settings=\"{&quot;content_width&quot;:&quot;boxed&quot;}\" data-core-v316-plus=\"true\">\n\t\t\t\t\t<div class=\"e-con-inner\">\n\t\t\t\t<div class=\"elementor-element elementor-element-3f7bd14 elementor-widget elementor-widget-heading\" data-id=\"3f7bd14\" data-element_type=\"widget\" data-widget_type=\"heading.default\">\n\t\t\t\t<div class=\"elementor-widget-container\">\n\t\t\t<style>\/*! elementor - v3.19.0 - 07-02-2024 *\/\n.elementor-heading-title{padding:0;margin:0;line-height:1}.elementor-widget-heading .elementor-heading-title[class*=elementor-size-]>a{color:inherit;font-size:inherit;line-height:inherit}.elementor-widget-heading .elementor-heading-title.elementor-size-small{font-size:15px}.elementor-widget-heading .elementor-heading-title.elementor-size-medium{font-size:19px}.elementor-widget-heading .elementor-heading-title.elementor-size-large{font-size:29px}.elementor-widget-heading .elementor-heading-title.elementor-size-xl{font-size:39px}.elementor-widget-heading .elementor-heading-title.elementor-size-xxl{font-size:59px}<\/style><h2 class=\"elementor-heading-title elementor-size-default\">Libros<\/h2>\t\t<\/div>\n\t\t\t\t<\/div>\n\t\t\t\t<div class=\"elementor-element elementor-element-5239411 title-alignment-center tpg-el-box-border-disable title_position_default title_hover_border_default title-default img_hover_animation_default grid-hover-overlay-type-always tpg-border-bottom-disable elementor-widget elementor-widget-tpg-grid-layout\" data-id=\"5239411\" data-element_type=\"widget\" data-widget_type=\"tpg-grid-layout.default\">\n\t\t\t\t<div class=\"elementor-widget-container\">\n\t\t\t        <div class=\"rt-container-fluid rt-tpg-container tpg-el-main-wrapper clearfix grid-layout1-main \"\r\n             id=\"rt-tpg-container-301223131\"\r\n             data-layout=\"grid-layout1\"\r\n             data-grid-style=\"tpg-full-height\"\r\n             data-sc-id=\"elementor\"\r\n             data-el-settings=''\r\n             data-el-query=''\r\n             data-el-path=''\r\n        >\r\n\r\n\t\t\t<div class='tpg-header-wrapper '><\/div>\r\n            <div data-title=\"Loading ...\" class=\"rt-row rt-content-loader grid-layout1 grid-behaviour tpg-full-height grid_layout_wrapper\">\r\n\t\t\t\t<div class=\"rt-col-md-4 rt-col-sm-4 rt-col-xs-12 default rt-grid-item post-151 post type-post status-publish format-standard has-post-thumbnail hentry category-libros\"\t\tdata-id=\"151\">\r\n\t<div class=\"rt-holder tpg-post-holder\">\r\n\t\t<div class=\"rt-detail rt-el-content-wrapper\">\r\n\t\t\t\t\t\t\t<div class=\"rt-img-holder tpg-el-image-wrap has-thumbnail\">\r\n\t\t\t\t\t<a data-id=\"151\" href=\"https:\/\/josemoralescr.com\/index.php\/2024\/02\/11\/esdrujula-es-una-palabra-esdrujula\/\" class=\"tpg-post-link\" target=\"_self\">                        <img fetchpriority=\"high\" decoding=\"async\" src=\"https:\/\/josemoralescr.com\/wp-content\/uploads\/2024\/02\/Esdrujula-768x1076.jpg\"\r\n                             class=\"rt-img-responsive\"\r\n                             width=\"768\"\r\n                             height=\"1076\"\r\n                             alt=\"Esdr\u00fajula es una palabra esdr\u00fajula\">\r\n\t\t\t\t\t\t\r\n\t\t\t\t\t\t\t\r\n\t\t<\/a>\r\n\t\t        <div class=\"overlay grid-hover-content\"><\/div>\r\n\t\t\t\t\t\t<\/div>\r\n\t\t\t\r\n\t\t\t<div class=\"entry-title-wrapper\"><h3 class=\"entry-title\"><a data-id=\"151\" href=\"https:\/\/josemoralescr.com\/index.php\/2024\/02\/11\/esdrujula-es-una-palabra-esdrujula\/\" class=\"tpg-post-link\" target=\"_self\">Esdr\u00fajula es una palabra esdr\u00fajula<\/a><\/h3><\/div>\r\n\t\t\t\r\n\r\n\t\t\t\r\n\t\t\t\t\t<\/div>\r\n\t<\/div>\r\n<\/div>\r\n<div class=\"rt-col-md-4 rt-col-sm-4 rt-col-xs-12 default rt-grid-item post-124 post type-post status-publish format-standard has-post-thumbnail hentry category-libros\"\t\tdata-id=\"124\">\r\n\t<div class=\"rt-holder tpg-post-holder\">\r\n\t\t<div class=\"rt-detail rt-el-content-wrapper\">\r\n\t\t\t\t\t\t\t<div class=\"rt-img-holder tpg-el-image-wrap has-thumbnail\">\r\n\t\t\t\t\t<a data-id=\"124\" href=\"https:\/\/josemoralescr.com\/index.php\/2024\/02\/11\/no-necesitamos-los-subtitulos\/\" class=\"tpg-post-link\" target=\"_self\">                        <img decoding=\"async\" src=\"https:\/\/josemoralescr.com\/wp-content\/uploads\/2024\/02\/No-necesitamos-subtitulos-768x1076.jpg\"\r\n                             class=\"rt-img-responsive\"\r\n                             width=\"768\"\r\n                             height=\"1076\"\r\n                             alt=\"No necesitamos los subt\u00edtulos\">\r\n\t\t\t\t\t\t\r\n\t\t\t\t\t\t\t\r\n\t\t<\/a>\r\n\t\t        <div class=\"overlay grid-hover-content\"><\/div>\r\n\t\t\t\t\t\t<\/div>\r\n\t\t\t\r\n\t\t\t<div class=\"entry-title-wrapper\"><h3 class=\"entry-title\"><a data-id=\"124\" href=\"https:\/\/josemoralescr.com\/index.php\/2024\/02\/11\/no-necesitamos-los-subtitulos\/\" class=\"tpg-post-link\" target=\"_self\">No necesitamos los subt\u00edtulos<\/a><\/h3><\/div>\r\n\t\t\t\r\n\r\n\t\t\t\r\n\t\t\t\t\t<\/div>\r\n\t<\/div>\r\n<\/div>\r\n<div class=\"rt-col-md-4 rt-col-sm-4 rt-col-xs-12 default rt-grid-item post-94 post type-post status-publish format-standard has-post-thumbnail hentry category-libros\"\t\tdata-id=\"94\">\r\n\t<div class=\"rt-holder tpg-post-holder\">\r\n\t\t<div class=\"rt-detail rt-el-content-wrapper\">\r\n\t\t\t\t\t\t\t<div class=\"rt-img-holder tpg-el-image-wrap has-thumbnail\">\r\n\t\t\t\t\t<a data-id=\"94\" href=\"https:\/\/josemoralescr.com\/index.php\/2024\/02\/11\/elementor-94\/\" class=\"tpg-post-link\" target=\"_self\">                        <img decoding=\"async\" src=\"https:\/\/josemoralescr.com\/wp-content\/uploads\/2024\/02\/Portada-Nos-descuidamos-un-segundo-768x1076.jpg\"\r\n                             class=\"rt-img-responsive\"\r\n                             width=\"768\"\r\n                             height=\"1076\"\r\n                             alt=\"Nos descuidamos un segundo\">\r\n\t\t\t\t\t\t\r\n\t\t\t\t\t\t\t\r\n\t\t<\/a>\r\n\t\t        <div class=\"overlay grid-hover-content\"><\/div>\r\n\t\t\t\t\t\t<\/div>\r\n\t\t\t\r\n\t\t\t<div class=\"entry-title-wrapper\"><h3 class=\"entry-title\"><a data-id=\"94\" href=\"https:\/\/josemoralescr.com\/index.php\/2024\/02\/11\/elementor-94\/\" class=\"tpg-post-link\" target=\"_self\">Nos descuidamos un segundo<\/a><\/h3><\/div>\r\n\t\t\t\r\n\r\n\t\t\t\r\n\t\t\t\t\t<\/div>\r\n\t<\/div>\r\n<\/div>\r\n            <\/div>\r\n\t\t\t\r\n        <\/div>\r\n\t\t\t\t<\/div>\n\t\t\t\t<\/div>\n\t\t\t\t\t<\/div>\n\t\t\t\t<\/div>\n\t\t\t\t<\/div>\n\t\t","protected":false},"excerpt":{"rendered":"<p>Libros Esdr\u00fajula es una palabra esdr\u00fajula No necesitamos los subt\u00edtulos Nos descuidamos un segundo<\/p>\n","protected":false},"author":1,"featured_media":0,"parent":0,"menu_order":0,"comment_status":"closed","ping_status":"closed","template":"","meta":{"footnotes":""},"rttpg_featured_image_url":null,"rttpg_author":{"display_name":"josemoralescr","author_link":"https:\/\/josemoralescr.com\/index.php\/author\/josemoralescr\/"},"rttpg_comment":0,"rttpg_category":"","rttpg_excerpt":"Libros Esdr\u00fajula es una palabra esdr\u00fajula No necesitamos los subt\u00edtulos Nos descuidamos un segundo","_links":{"self":[{"href":"https:\/\/josemoralescr.com\/index.php\/wp-json\/wp\/v2\/pages\/7"}],"collection":[{"href":"https:\/\/josemoralescr.com\/index.php\/wp-json\/wp\/v2\/pages"}],"about":[{"href":"https:\/\/josemoralescr.com\/index.php\/wp-json\/wp\/v2\/types\/page"}],"author":[{"embeddable":true,"href":"https:\/\/josemoralescr.com\/index.php\/wp-json\/wp\/v2\/users\/1"}],"replies":[{"embeddable":true,"href":"https:\/\/josemoralescr.com\/index.php\/wp-json\/wp\/v2\/comments?post=7"}],"version-history":[{"count":53,"href":"https:\/\/josemoralescr.com\/index.php\/wp-json\/wp\/v2\/pages\/7\/revisions"}],"predecessor-version":[{"id":879,"href":"https:\/\/josemoralescr.com\/index.php\/wp-json\/wp\/v2\/pages\/7\/revisions\/879"}],"wp:attachment":[{"href":"https:\/\/josemoralescr.com\/index.php\/wp-json\/wp\/v2\/media?parent=7"}],"curies":[{"name":"wp","href":"https:\/\/api.w.org\/{rel}","templated":true}]}}